{"id":989281,"date":"2025-02-26T10:45:28","date_gmt":"2025-02-26T10:45:28","guid":{"rendered":"https:\/\/alygra.com\/rejoignez-le-collectif\/"},"modified":"2025-11-15T15:39:27","modified_gmt":"2025-11-15T15:39:27","slug":"rejoignez-le-collectif","status":"publish","type":"page","link":"https:\/\/alygra.com\/fr\/rejoignez-le-collectif\/","title":{"rendered":"Rejoignez le collectif"},"content":{"rendered":"\t\t<div data-elementor-type=\"wp-page\" data-elementor-id=\"989281\" class=\"elementor elementor-989281 elementor-3488\" data-elementor-post-type=\"page\">\n\t\t\t\t<div class=\"elementor-element elementor-element-0e9ab7b e-flex e-con-boxed e-con e-parent\" data-id=\"0e9ab7b\" data-element_type=\"container\" data-e-type=\"container\">\n\t\t\t\t\t<div class=\"e-con-inner\">\n\t\t<div class=\"elementor-element elementor-element-b6c7f07 e-con-full e-flex e-con e-child\" data-id=\"b6c7f07\" data-element_type=\"container\" data-e-type=\"container\" data-settings=\"{&quot;background_background&quot;:&quot;classic&quot;}\">\n\t\t\t\t<div class=\"elementor-element elementor-element-1caaa1c elementor-invisible elementor-widget__width-auto animated-fast elementor-widget elementor-widget-heading\" data-id=\"1caaa1c\" data-element_type=\"widget\" data-e-type=\"widget\" data-settings=\"{&quot;_animation&quot;:&quot;fadeIn&quot;,&quot;_animation_delay&quot;:50}\" data-widget_type=\"heading.default\">\n\t\t\t\t<div class=\"elementor-widget-container\">\n\t\t\t\t\t<div class=\"elementor-heading-title elementor-size-default\">Evaluation<\/div>\t\t\t\t<\/div>\n\t\t\t\t<\/div>\n\t\t\t\t<div class=\"elementor-element elementor-element-176c872 elementor-widget elementor-widget-shortcode\" data-id=\"176c872\" data-element_type=\"widget\" data-e-type=\"widget\" data-widget_type=\"shortcode.default\">\n\t\t\t\t<div class=\"elementor-widget-container\">\n\t\t\t\t\t\t\t<div class=\"elementor-shortcode\"><div class=\"forminator-ui forminator-custom-form forminator-custom-form-989145 forminator-design--default forminator-enclosed forminator_ajax\" data-forminator-render=\"0\" data-form=\"forminator-module-989145\" data-uid=\"69e10f94822df\"><br\/><\/div><form\r\n\t\t\t\tid=\"forminator-module-989145\"\r\n\t\t\t\tclass=\"forminator-ui forminator-custom-form forminator-custom-form-989145 forminator-design--default forminator-enclosed forminator_ajax\"\r\n\t\t\t\tmethod=\"post\"\r\n\t\t\t\tdata-forminator-render=\"0\"\r\n\t\t\t\tdata-form-id=\"989145\"\r\n\t\t\t\tenctype=\"multipart\/form-data\" data-color-option=\"default\" data-design=\"default\" data-grid=\"enclosed\" style=\"display: none;\"\r\n\t\t\t\tdata-uid=\"69e10f94822df\"\r\n\t\t\t><div role=\"alert\" aria-live=\"polite\" class=\"forminator-response-message forminator-error\" aria-hidden=\"true\"><\/div><div class=\"forminator-row\"><div id=\"name-1\" class=\"forminator-field-name forminator-col forminator-col-12 \"><div class=\"forminator-field\"><label for=\"forminator-field-name-1_69e10f94822df\" id=\"forminator-field-name-1_69e10f94822df-label\" class=\"forminator-label\">Nom Complet <span class=\"forminator-required\">*<\/span><\/label><input type=\"text\" name=\"name-1\" value=\"\" placeholder=\"\" id=\"forminator-field-name-1_69e10f94822df\" class=\"forminator-input forminator-name--field\" aria-required=\"true\" autocomplete=\"name\" \/><\/div><\/div><\/div><div class=\"forminator-row\"><div id=\"email-1\" class=\"forminator-field-email forminator-col forminator-col-6 \"><div class=\"forminator-field\"><label for=\"forminator-field-email-1_69e10f94822df\" id=\"forminator-field-email-1_69e10f94822df-label\" class=\"forminator-label\">Adresse Email <span class=\"forminator-required\">*<\/span><\/label><input type=\"email\" name=\"email-1\" value=\"\" placeholder=\"\" id=\"forminator-field-email-1_69e10f94822df\" class=\"forminator-input forminator-email--field\" data-required=\"1\" aria-required=\"true\" autocomplete=\"email\" \/><\/div><\/div><div id=\"phone-1\" class=\"forminator-field-phone forminator-col forminator-col-6 \"><div class=\"forminator-field\"><label for=\"forminator-field-phone-1_69e10f94822df\" id=\"forminator-field-phone-1_69e10f94822df-label\" class=\"forminator-label\">Num\u00e9ro de T\u00e9l\u00e9phone<\/label><input type=\"text\" name=\"phone-1\" value=\"\" placeholder=\"\" id=\"forminator-field-phone-1_69e10f94822df\" class=\"forminator-input forminator-field--phone\" data-required=\"\" aria-required=\"false\" autocomplete=\"off\" \/><\/div><\/div><\/div><div class=\"forminator-row\"><div id=\"select-1\" class=\"forminator-field-select forminator-col forminator-col-12 \"><div class=\"forminator-field\"><label for=\"forminator-form-989145__field--select-1_69e10f94822df\" id=\"forminator-form-989145__field--select-1_69e10f94822df-label\" class=\"forminator-label\">Domaine d\u2019Expertise<\/label><select  id=\"forminator-form-989145__field--select-1_69e10f94822df\" class=\"forminator-select--field forminator-select2 forminator-select2-multiple\" data-required=\"\" name=\"select-1\" data-default-value=\"\" data-hidden-behavior=\"zero\" data-placeholder=\"\" data-search=\"false\" data-search-placeholder=\"\" data-checkbox=\"false\" data-allow-clear=\"false\" aria-labelledby=\"forminator-form-989145__field--select-1_69e10f94822df-label\"><option value=\"one\"  data-calculation=\"0\">Ressources Humaines<\/option><option value=\"two\"  data-calculation=\"0\">Marketing<\/option><option value=\"Financial-Services\"  data-calculation=\"0\">Finance<\/option><option value=\"Web-and-Software-Services\"  data-calculation=\"0\">Web et Software<\/option><option value=\"custom_option\"  data-calculation=\"0\">Autre<\/option><\/select><div class=\"forminator-field forminator-custom-input\"><input id=\"custom-forminator-form-989145__field--select-1_69e10f94822df\" name=\"custom-select-1\" class=\"forminator-input\" aria-label=\"Autre\" value=\"\" \/><\/div><\/div><\/div><\/div><div class=\"forminator-row\"><div id=\"textarea-1\" class=\"forminator-field-textarea forminator-col forminator-col-12 \"><div class=\"forminator-field\"><label for=\"forminator-field-textarea-1_69e10f94822df\" id=\"forminator-field-textarea-1_69e10f94822df-label\" class=\"forminator-label\">Parlez-nous de vos centres d\u2019int\u00e9r\u00eat, de votre exp\u00e9rience et de vos besoins en mati\u00e8re d\u2019accessibilit\u00e9.<\/label><textarea name=\"textarea-1\" placeholder=\"Ecrivez ici...\" id=\"forminator-field-textarea-1_69e10f94822df\" class=\"forminator-textarea\" rows=\"6\" style=\"min-height:50px;\" ><\/textarea><\/div><\/div><\/div><div class=\"forminator-row\"><div id=\"url-1\" class=\"forminator-field-url forminator-col forminator-col-12 \"><div class=\"forminator-field\"><label for=\"forminator-field-url-1_69e10f94822df\" id=\"forminator-field-url-1_69e10f94822df-label\" class=\"forminator-label\">Partagez votre page LinkedIn <span class=\"forminator-required\">*<\/span><\/label><input type=\"url\" name=\"url-1\" value=\"\" placeholder=\"\" id=\"forminator-field-url-1_69e10f94822df\" class=\"forminator-input forminator-website--field\" data-required=\"1\" aria-required=\"true\" \/><\/div><\/div><\/div><div class=\"forminator-row\"><div id=\"upload-1\" class=\"forminator-field-upload forminator-col forminator-col-12  upload_button\"><div class=\"forminator-field\"><label for=\"forminator-field-upload-1_69e10f94822df\" id=\"forminator-field-upload-1_69e10f94822df-label\" class=\"forminator-label\">T\u00e9l\u00e9charger votre CV<\/label><span id=\"forminator-field-upload-1_69e10f94822df-description\" class=\"forminator-description\">Veuillez uniquement upload un fichier au format .pdf.<\/span><div class=\"forminator-file-upload \" data-element=\"upload-1_69e10f94822df\" aria-describedby=\"forminator-field-upload-1_69e10f94822df-description\"><input type=\"file\" name=\"upload-1\" id=\"forminator-field-upload-1_69e10f94822df\" class=\"forminator-input-file\" accept=\".jpg,.jpeg,.jpe,.gif,.png,.bmp,.tiff,.tif,.webp,.avif,.ico,.heic,.heif,.heics,.heifs,.asf,.asx,.wmv,.wmx,.wm,.avi,.divx,.flv,.mov,.qt,.mpeg,.mpg,.mpe,.mp4,.m4v,.ogv,.webm,.mkv,.3gp,.3gpp,.3g2,.3gp2,.txt,.asc,.c,.cc,.h,.srt,.csv,.tsv,.ics,.rtx,.vtt,.mp3,.m4a,.m4b,.aac,.ra,.ram,.wav,.x-wav,.ogg,.oga,.flac,.mid,.midi,.wma,.wax,.mka,.rtf,.pdf,.class,.tar,.zip,.gz,.gzip,.7z,.psd,.xcf,.doc,.pot,.pps,.ppt,.wri,.xla,.xls,.xlt,.xlw,.mdb,.mpp,.docx,.docm,.dotx,.dotm,.xlsx,.xlsm,.xlsb,.xltx,.xltm,.xlam,.pptx,.pptm,.ppsx,.ppsm,.potx,.potm,.ppam,.sldx,.sldm,.onetoc,.onetoc2,.onetmp,.onepkg,.oxps,.xps,.odt,.odp,.ods,.odg,.odc,.odb,.odf,.wp,.wpd,.key,.numbers,.pages\" tabindex=\"-1\"><button id=\"forminator-field-upload-1_69e10f94822df_button\" class=\"forminator-button forminator-button-upload\" data-id=\"forminator-field-upload-1_69e10f94822df\">Choisissez un fichier<\/button><span data-empty-text=\"Aucun fichier s\u00e9lectionn\u00e9\">Aucun fichier s\u00e9lectionn\u00e9<\/span><button class=\"forminator-button-delete\" style=\"display: none;\"><i class=\"forminator-icon-close\" aria-hidden=\"true\"><\/i><span class=\"forminator-screen-reader-only\">Supprimer le fichier t\u00e9l\u00e9vers\u00e9<\/span><\/button><\/div><\/div><\/div><\/div><div class=\"forminator-row\"><div id=\"textarea-2\" class=\"forminator-field-textarea forminator-col forminator-col-12 \"><div class=\"forminator-field\"><label for=\"forminator-field-textarea-2_69e10f94822df\" id=\"forminator-field-textarea-2_69e10f94822df-label\" class=\"forminator-label\">Outre les opportunit\u00e9s, qu&#039;est-ce qui vous attire dans notre collectif ?<\/label><textarea name=\"textarea-2\" placeholder=\"Votre r\u00e9ponse\" id=\"forminator-field-textarea-2_69e10f94822df\" class=\"forminator-textarea\" rows=\"6\" style=\"min-height:140px;\" ><\/textarea><\/div><\/div><\/div><div class=\"forminator-row\"><div id=\"section-2\" class=\"forminator-field-section forminator-col forminator-col-12 \"><div class=\"forminator-field\"><h2 class=\"forminator-title\">Disponibilit\u00e9(s) pour un appel<\/h2><\/div><\/div><\/div><div class=\"forminator-row\"><div id=\"date-1\" class=\"forminator-field-date forminator-col forminator-col-12 \"><div class=\"forminator-field\"><label for=\"forminator-field-date-1-picker_69e10f94822df\" id=\"forminator-field-date-1-picker_69e10f94822df-label\" class=\"forminator-label\">Date<\/label><div class=\"forminator-input-with-icon\"><span class=\"forminator-icon-calendar\" aria-hidden=\"true\"><\/span><input autocomplete=\"off\" type=\"text\" size=\"1\" name=\"date-1\" value=\"16\/04\/2026\" placeholder=\"Choisir une date\" id=\"forminator-field-date-1-picker_69e10f94822df\" class=\"forminator-input forminator-datepicker\" data-required=\"\" data-format=\"dd\/mm\/yy\" data-restrict-type=\"\" data-restrict=\"\" data-start-year=\"2026\" data-end-year=\"2126\" data-past-dates=\"enable\" data-start-of-week=\"1\" data-start-date=\"2026-04-16\" data-end-date=\"\" data-start-field=\"\" data-end-field=\"\" data-start-offset=\"\" data-end-offset=\"\" data-disable-date=\"\" data-disable-range=\"\" \/><\/div><\/div><\/div><\/div><div class=\"forminator-row\"><div id=\"time-1\" class=\"forminator-field-time forminator-col forminator-col-12 \"><label for=\"forminator-field-time-1\" id=\"forminator-field-time-1-label\" class=\"forminator-label\">Heure<\/label><span id=\"forminator-field-time-1_69e10f94822df-description\" class=\"forminator-description\">Veuillez s\u00e9lectionner l'heure en EST (Eastern Standard Time)<\/span><div class=\"forminator-timepicker\" data-start-limit=\"09:00 am\" data-end-limit=\"05:00 pm\"><div class=\"forminator-row\" data-multiple=\"true\"><div id=\"time-1-hours\" class=\"forminator-col forminator-col-4\"><div class=\"forminator-field\"><label for=\"forminator-field-time-1-hours_69e10f94822df\" id=\"forminator-field-time-1-hours_69e10f94822df-label\" class=\"forminator-label\">Hours<\/label><input type=\"number\" name=\"time-1-hours\" min=\"0\" max=\"12\" placeholder=\"E.g. 08\" id=\"forminator-field-time-1-hours_69e10f94822df\" class=\"forminator-input time-hours has-time-limiter\" data-field=\"hours\" aria-describedby=\"forminator-field-time-1_69e10f94822df-description\" value=\"\" \/><\/div><\/div><div id=\"time-1-minutes\" class=\"forminator-col forminator-col-4\"><div class=\"forminator-field\"><label for=\"forminator-field-time-1-minutes_69e10f94822df\" id=\"forminator-field-time-1-minutes_69e10f94822df-label\" class=\"forminator-label\">Minutes<\/label><input type=\"number\" min=\"0\" max=\"59\" name=\"time-1-minutes\" placeholder=\"E.g. 00\" id=\"forminator-field-time-1-minutes_69e10f94822df\" class=\"forminator-input time-minutes has-time-limiter\" data-field=\"minutes\" aria-describedby=\"forminator-field-time-1_69e10f94822df-description\" value=\"\" step=\"15\" \/><\/div><\/div><div id=\"time-1-ampm\" class=\"forminator-col forminator-col-4\"><div class=\"forminator-field\"><select name=\"time-1-ampm\" id=\"forminator-field-989145__field--time-1-ampm_69e10f94822df\" class=\"forminator-select2 time-ampm has-time-limiter\" data-field=\"ampm\" aria-describedby=\"forminator-field-time-1_69e10f94822df-description\" data-default-value=\"\"><option value=\"am\" >AM<\/option><option value=\"pm\" >PM<\/option><\/select><\/div><\/div><\/div><\/div><\/div><\/div><div class=\"forminator-row\"><div id=\"consent-1\" class=\"forminator-field-consent forminator-col forminator-col-12 \"><div class=\"forminator-field\"><label for=\"forminator-field-consent-1_69e10f94822df\" id=\"forminator-field-consent-1_69e10f94822df-label\" class=\"forminator-label\">Consent <span class=\"forminator-required\">*<\/span><\/label><div class=\"forminator-checkbox__wrapper\"><label id=\"forminator-field-consent-1_69e10f94822df__label\" class=\"forminator-checkbox forminator-consent\"><input type=\"checkbox\" name=\"consent-1\" id=\"forminator-field-consent-1_69e10f94822df\" value=\"checked\" aria-labelledby=\"forminator-field-consent-1_69e10f94822df-label\" aria-describedby=\"forminator-field-consent-1_69e10f94822df__description\" data-required=\"true\" aria-required=\"true\" \/><span class=\"forminator-checkbox-box\" aria-hidden=\"true\"><\/span><\/label><div id=\"forminator-field-consent-1_69e10f94822df__description\" class=\"forminator-checkbox__label forminator-consent__label\"><article data-turn-id=\"request-68f01d67-2f24-8324-9790-9bef0c83c5f9-6\" data-testid=\"conversation-turn-24\" data-scroll-anchor=\"true\" data-turn=\"assistant\" dir=\"auto\">\n<div class=\"text-base my-auto mx-auto pb-10 [--thread-content-margin:--spacing(4)] thread-sm:[--thread-content-margin:--spacing(6)] thread-lg:[--thread-content-margin:--spacing(16)] px-(--thread-content-margin)\">\n<div class=\"[--thread-content-max-width:40rem] thread-lg:[--thread-content-max-width:48rem] mx-auto max-w-(--thread-content-max-width) flex-1 group\/turn-messages focus-visible:outline-hidden relative flex w-full min-w-0 flex-col agent-turn\">\n<div class=\"flex max-w-full flex-col grow\">\n<div data-message-author-role=\"assistant\" data-message-id=\"3b85b6be-8655-4423-98cc-a3c14960d860\" data-message-model-slug=\"gpt-5\" dir=\"auto\" class=\"min-h-8 text-message relative flex w-full flex-col items-end gap-2 text-start break-words whitespace-normal [.text-message+&amp;]:mt-1\">\n<div class=\"flex w-full flex-col gap-1 empty:hidden first:pt-[1px]\">\n<div class=\"markdown prose dark:prose-invert w-full break-words light markdown-new-styling\">\n<p data-start=\"0\" data-end=\"120\" data-is-last-node=\"\" data-is-only-node=\"\">Veuillez confirmer que vous acceptez nos conditions d\u2019utilisation et notre politique d\u2019annulation en cochant cette case.<\/p>\n<\/div>\n<\/div>\n<\/div>\n<\/div>\n<\/div>\n<\/div>\n<\/article><\/div><\/div><\/div><\/div><\/div><div class=\"forminator-row\" style=\"margin: 0;\"><div id=\"captcha-1\" class=\"forminator-field-captcha  forminator-col-12 \"><div class=\"forminator-captcha-left forminator-g-recaptcha recaptcha-invisible\" data-theme=\"light\" data-badge=\"bottomright\" data-sitekey=\"6LcTDtkrAAAAAKUMlzFtDNg_8c6O9P2FTwLmNr3m\" data-size=\"invisible\"><\/div> <\/div><\/div><input type=\"hidden\" name=\"referer_url\" value=\"\" \/><div class=\"forminator-row forminator-row-last\"><div class=\"forminator-col\"><div class=\"forminator-field\"><button class=\"forminator-button forminator-button-submit\">Envoyer<\/button><\/div><\/div><\/div><input type=\"hidden\" id=\"forminator_nonce\" name=\"forminator_nonce\" value=\"0deebf6966\" \/><input type=\"hidden\" name=\"_wp_http_referer\" value=\"\/fr\/wp-json\/wp\/v2\/pages\/989281\" \/><input type=\"hidden\" name=\"form_id\" value=\"989145\"><input type=\"hidden\" name=\"page_id\" value=\"989281\"><input type=\"hidden\" name=\"form_type\" value=\"default\"><input type=\"hidden\" name=\"current_url\" value=\"https:\/\/alygra.com\/fr\/rejoignez-le-collectif\/\"><input type=\"hidden\" name=\"render_id\" value=\"0\"><input type=\"hidden\" name=\"action\" value=\"forminator_submit_form_custom-forms\"><\/form><\/div>\n\t\t\t\t\t\t<\/div>\n\t\t\t\t<\/div>\n\t\t\t\t<\/div>\n\t\t<div class=\"elementor-element elementor-element-f58cd58 e-con-full e-flex e-con e-child\" data-id=\"f58cd58\" data-element_type=\"container\" data-e-type=\"container\" data-settings=\"{&quot;background_background&quot;:&quot;classic&quot;}\">\n\t\t<div class=\"elementor-element elementor-element-35b684e e-con-full blur-background e-flex e-con e-child\" data-id=\"35b684e\" data-element_type=\"container\" data-e-type=\"container\" data-settings=\"{&quot;background_background&quot;:&quot;classic&quot;}\">\n\t\t\t\t<div class=\"vamtam-has-theme-widget-styles elementor-element elementor-element-dca1311 elementor-widget__width-initial elementor-widget elementor-widget-text-editor\" data-id=\"dca1311\" data-element_type=\"widget\" data-e-type=\"widget\" data-widget_type=\"text-editor.default\">\n\t\t\t\t<div class=\"elementor-widget-container\">\n\t\t\t\t\t\t\t\t\t<h3>Expertise canadienne, impact mondial : partenariat avec des entreprises en Am\u00e9rique du Nord et en Europe<\/h3>\t\t\t\t\t\t\t\t<\/div>\n\t\t\t\t<\/div>\n\t\t\t\t<\/div>\n\t\t\t\t<\/div>\n\t\t\t\t\t<\/div>\n\t\t\t\t<\/div>\n\t\t\t\t<\/div>\n\t\t","protected":false},"excerpt":{"rendered":"<p>Pr\u00eat \u00e0 rejoindre le collectif Alygra ? Si vous souhaitez \u00eatre \u00e9valu\u00e9, veuillez remplir le formulaire ci-dessous. <\/p>\n","protected":false},"author":3,"featured_media":0,"parent":0,"menu_order":0,"comment_status":"closed","ping_status":"closed","template":"","meta":{"content-type":"","footnotes":""},"class_list":["post-989281","page","type-page","status-publish","hentry"],"_links":{"self":[{"href":"https:\/\/alygra.com\/fr\/wp-json\/wp\/v2\/pages\/989281","targetHints":{"allow":["GET"]}}],"collection":[{"href":"https:\/\/alygra.com\/fr\/wp-json\/wp\/v2\/pages"}],"about":[{"href":"https:\/\/alygra.com\/fr\/wp-json\/wp\/v2\/types\/page"}],"author":[{"embeddable":true,"href":"https:\/\/alygra.com\/fr\/wp-json\/wp\/v2\/users\/3"}],"replies":[{"embeddable":true,"href":"https:\/\/alygra.com\/fr\/wp-json\/wp\/v2\/comments?post=989281"}],"version-history":[{"count":0,"href":"https:\/\/alygra.com\/fr\/wp-json\/wp\/v2\/pages\/989281\/revisions"}],"wp:attachment":[{"href":"https:\/\/alygra.com\/fr\/wp-json\/wp\/v2\/media?parent=989281"}],"curies":[{"name":"wp","href":"https:\/\/api.w.org\/{rel}","templated":true}]}}